{"id":192,"date":"2026-01-06T10:00:43","date_gmt":"2026-01-06T09:00:43","guid":{"rendered":"http:\/\/skateboardschule-frankfurt.de\/sk8hrd\/?page_id=192"},"modified":"2026-02-10T16:13:23","modified_gmt":"2026-02-10T15:13:23","slug":"skate-camp-2026","status":"publish","type":"page","link":"https:\/\/skateboardschule-frankfurt.de\/sk8hrd\/skate-camp-2026\/","title":{"rendered":"Skateboard-Camps 2026"},"content":{"rendered":"<p><a href=\"https:\/\/skateboardschule-frankfurt.de\/sk8hrd\/wp-content\/uploads\/2026\/01\/IMG_5326-scaled.jpg\"><img loading=\"lazy\" decoding=\"async\" class=\"aligncenter size-large wp-image-483\" src=\"https:\/\/skateboardschule-frankfurt.de\/sk8hrd\/wp-content\/uploads\/2026\/01\/IMG_5326-1024x768.jpg\" alt=\"\" width=\"720\" height=\"540\" srcset=\"https:\/\/skateboardschule-frankfurt.de\/sk8hrd\/wp-content\/uploads\/2026\/01\/IMG_5326-1024x768.jpg 1024w, https:\/\/skateboardschule-frankfurt.de\/sk8hrd\/wp-content\/uploads\/2026\/01\/IMG_5326-300x225.jpg 300w, https:\/\/skateboardschule-frankfurt.de\/sk8hrd\/wp-content\/uploads\/2026\/01\/IMG_5326-768x576.jpg 768w, https:\/\/skateboardschule-frankfurt.de\/sk8hrd\/wp-content\/uploads\/2026\/01\/IMG_5326-1536x1152.jpg 1536w, https:\/\/skateboardschule-frankfurt.de\/sk8hrd\/wp-content\/uploads\/2026\/01\/IMG_5326-2048x1536.jpg 2048w\" sizes=\"auto, (max-width: 720px) 100vw, 720px\" \/><\/a><\/p>\n<p style=\"text-align: center;\"><span style=\"color: #800080;\"><strong>Skateboard Easter Camp<\/strong><\/span><\/p>\n<p style=\"text-align: center;\">in der zweiten Ferienwoche der Osterferien\u00a0<\/p>\n<p style=\"text-align: center;\"><span style=\"color: #800080;\"><strong>07.04. \u2013 11.04.<\/strong>\u00a0<\/span><br \/>von Dienstag<strong>\u00a0<\/strong>bis Samstag.<\/p>\n<p style=\"text-align: center;\">T\u00e4glich von 10:00 &#8211; 16:00 Uhr<\/p>\n<p style=\"text-align: center;\"><strong>\u00a0<\/strong><\/p>\n<p style=\"text-align: center;\"><span style=\"color: #800080;\"><strong>Skateboard Summer Camp <\/strong><\/span><\/p>\n<p style=\"text-align: center;\">in der ersten Ferienwoche der Sommerferien\u00a0<\/p>\n<p style=\"text-align: center;\"><span style=\"color: #800080;\"><strong>29.06. \u2013 03.07.<\/strong>\u00a0<\/span><br \/>von Montag<strong>s <\/strong>bis Freitags.<\/p>\n<p style=\"text-align: center;\">T\u00e4glich von 10:00 &#8211; 16:00 Uhr<\/p>\n<p style=\"text-align: center;\"><span style=\"color: #800080;\"><strong>Skateboard Herbst Camp<\/strong><\/span><\/p>\n<p style=\"text-align: center;\">in der zeiten Ferienwoche der Herbstferien\u00a0<\/p>\n<p style=\"text-align: center;\"><span style=\"color: #800080;\"><strong>13.10. \u2013 17.10.<\/strong>\u00a0<\/span><br \/>von Dienstag<strong>\u00a0<\/strong>bis Samstag.<\/p>\n<p style=\"text-align: center;\">T\u00e4glich von 10:00 &#8211; 16:00 Uhr<\/p>\n<p style=\"text-align: center;\"><strong>\u00a0<\/strong><strong>\u00a0<\/strong><\/p>\n<p style=\"text-align: center;\">Alter: ab 8 Jahre<\/p>\n<p style=\"text-align: center;\">Kosten: 399\u20ac f\u00fcr das\u00a0 Summercamp<\/p>\n<p style=\"text-align: center;\">Das Skateboard Camp ist f\u00fcr <strong>Anf\u00e4nger, Fortgeschrittene und Ripper.<\/strong><\/p>\n<div class=\"flex flex-col text-sm pb-25\">\n<article class=\"text-token-text-primary w-full focus:outline-none [--shadow-height:45px] has-data-writing-block:pointer-events-none has-data-writing-block:-mt-(--shadow-height) has-data-writing-block:pt-(--shadow-height) [&amp;:has([data-writing-block])&gt;*]:pointer-events-auto scroll-mt-[calc(var(--header-height)+min(200px,max(70px,20svh)))]\" dir=\"auto\" tabindex=\"-1\" data-turn-id=\"request-WEB:5ed2a85b-3d90-4ce7-a79d-8d9ec565c968-5\" data-testid=\"conversation-turn-12\" data-scroll-anchor=\"true\" data-turn=\"assistant\">\n<div class=\"text-base my-auto mx-auto pb-10 [--thread-content-margin:--spacing(4)] @w-sm\/main:[--thread-content-margin:--spacing(6)] @w-lg\/main:[--thread-content-margin:--spacing(16)] px-(--thread-content-margin)\">\n<div class=\"[--thread-content-max-width:40rem] @w-lg\/main:[--thread-content-max-width:48rem] mx-auto max-w-(--thread-content-max-width) flex-1 group\/turn-messages focus-visible:outline-hidden relative flex w-full min-w-0 flex-col agent-turn\" tabindex=\"-1\">\n<div class=\"flex max-w-full flex-col grow\">\n<div class=\"min-h-8 text-message relative flex w-full flex-col items-end gap-2 text-start break-words whitespace-normal [.text-message+&amp;]:mt-1\" dir=\"auto\" data-message-author-role=\"assistant\" data-message-id=\"f1cdc54b-eea2-4b3b-96e1-252366aaebbb\" data-message-model-slug=\"gpt-5-2-thinking\">\n<div class=\"flex w-full flex-col gap-1 empty:hidden first:pt-[1px]\">\n<div class=\"markdown prose dark:prose-invert w-full break-words dark markdown-new-styling\">\n<p style=\"text-align: center;\" data-start=\"166\" data-end=\"788\"><strong>Ablauf<\/strong><br data-start=\"172\" data-end=\"175\" \/>Treffpunkt ist jeden Tag um 10:00 Uhr am vereinbarten Spot.<br data-start=\"234\" data-end=\"237\" \/>Vormittags ist Coaching. In kleinen Schritten, passend zum Level. Von sicheren Basics bis zu neuen Tricks, mit wertvollen, klaren Tipps, die sofort funktionieren.<br data-start=\"398\" data-end=\"401\" \/>Mittags essen wir gemeinsam. Lecker, abwechslungsreich, dazu ein Getr\u00e4nk.<br data-start=\"474\" data-end=\"477\" \/>Nachmittags ist freie Session. Zeit zum Ausprobieren, Wiederholen, Lines fahren, miteinander skaten, einfach dieses Camp Gef\u00fchl und Spa\u00df haben. Wer m\u00f6chte, bekommt jederzeit neue Impulse, kleine Korrekturen oder eine neue Challenge.<br data-start=\"694\" data-end=\"697\" \/>Bei schlechtem Wetter gehen wir an \u00fcberdachte Spots.<br data-start=\"749\" data-end=\"752\" \/>Das Camp endet t\u00e4glich um 16:00 Uhr.<\/p>\n<p style=\"text-align: center;\" data-start=\"790\" data-end=\"1066\"><strong>Im Preis enthalten<\/strong><br data-start=\"808\" data-end=\"811\" \/>Professionelles Skateboard Coaching am Vormittag<br data-start=\"859\" data-end=\"862\" \/>Freie Nachmittagssession mit Betreuung,Tipps und viel Spa\u00df<br data-start=\"921\" data-end=\"924\" \/>Mittagessen plus Getr\u00e4nk<br data-start=\"948\" data-end=\"951\" \/>Leih Skateboard<br data-start=\"966\" data-end=\"969\" \/>Leih Schutzausr\u00fcstung<br data-start=\"990\" data-end=\"993\" \/>Klare Regeln, gute Stimmung, viel Skatezeit<\/p>\n<p style=\"text-align: center;\" data-start=\"1068\" data-end=\"1131\"><strong>Nicht im Preis enthalten<\/strong><br data-start=\"1092\" data-end=\"1095\" \/>Fr\u00fchst\u00fcck<br data-start=\"1104\" data-end=\"1107\" \/>Taschengeld<br data-start=\"1118\" data-end=\"1121\" \/>Langeweile<\/p>\n<\/div>\n<\/div>\n<\/div>\n<\/div>\n<div class=\"z-0 flex min-h-[46px] justify-start\">\u00a0<\/div>\n<div class=\"mt-3 w-full empty:hidden\">\n<div class=\"text-center\">\u00a0<\/div>\n<\/div>\n<\/div>\n<\/div>\n<\/article>\n<\/div>\n<div class=\"pointer-events-none h-px w-px absolute bottom-0\" aria-hidden=\"true\" data-edge=\"true\">\u00a0<\/div>\n<p style=\"text-align: center;\">Anmeldung \u00fcber <script type='text\/javascript'>plug_emp(true, '=.-3e2a#*145fd6;emp:de;emp:5d24*#bfa;emp:skateboardschule-frankfurt;emp:1-*;emp:mail');<\/script> oder 015730959315<\/p>\n<h2>\u00a0<\/h2>\n\n\n<p><\/p>\n\n","protected":false},"excerpt":{"rendered":"<p>Skateboard Easter Camp in der zweiten Ferienwoche der Osterferien\u00a0 07.04. \u2013 11.04.\u00a0von Dienstag\u00a0bis Samstag. T\u00e4glich von 10:00 &#8211; 16:00 Uhr \u00a0 Skateboard Summer Camp in der ersten Ferienwoche der Sommerferien\u00a0 29.06. \u2013 03.07.\u00a0von Montags bis Freitags. T\u00e4glich von 10:00 &#8211; 16:00 Uhr Skateboard Herbst Camp in der zeiten Ferienwoche der Herbstferien\u00a0 13.10. \u2013 17.10.\u00a0von Dienstag\u00a0bis [&hellip;]<\/p>\n","protected":false},"author":2,"featured_media":0,"parent":0,"menu_order":0,"comment_status":"closed","ping_status":"closed","template":"","meta":{"footnotes":""},"class_list":["post-192","page","type-page","status-publish","hentry","post"],"_links":{"self":[{"href":"https:\/\/skateboardschule-frankfurt.de\/sk8hrd\/wp-json\/wp\/v2\/pages\/192","targetHints":{"allow":["GET"]}}],"collection":[{"href":"https:\/\/skateboardschule-frankfurt.de\/sk8hrd\/wp-json\/wp\/v2\/pages"}],"about":[{"href":"https:\/\/skateboardschule-frankfurt.de\/sk8hrd\/wp-json\/wp\/v2\/types\/page"}],"author":[{"embeddable":true,"href":"https:\/\/skateboardschule-frankfurt.de\/sk8hrd\/wp-json\/wp\/v2\/users\/2"}],"replies":[{"embeddable":true,"href":"https:\/\/skateboardschule-frankfurt.de\/sk8hrd\/wp-json\/wp\/v2\/comments?post=192"}],"version-history":[{"count":44,"href":"https:\/\/skateboardschule-frankfurt.de\/sk8hrd\/wp-json\/wp\/v2\/pages\/192\/revisions"}],"predecessor-version":[{"id":489,"href":"https:\/\/skateboardschule-frankfurt.de\/sk8hrd\/wp-json\/wp\/v2\/pages\/192\/revisions\/489"}],"wp:attachment":[{"href":"https:\/\/skateboardschule-frankfurt.de\/sk8hrd\/wp-json\/wp\/v2\/media?parent=192"}],"curies":[{"name":"wp","href":"https:\/\/api.w.org\/{rel}","templated":true}]}}