{"id":44,"date":"2026-01-06T11:43:37","date_gmt":"2026-01-06T10:43:37","guid":{"rendered":"http:\/\/skateboardschule-frankfurt.de\/sk8hrd\/?page_id=44"},"modified":"2026-03-26T14:18:08","modified_gmt":"2026-03-26T13:18:08","slug":"termine-2026","status":"publish","type":"page","link":"https:\/\/skateboardschule-frankfurt.de\/sk8hrd\/termine-2026\/","title":{"rendered":"Termine 2026"},"content":{"rendered":"<p style=\"text-align: center;\">\u00a0<\/p>\n<p style=\"text-align: center;\"><strong>Skateboard und komplette Schutzausr\u00fcstung (Helm inklusive) stellen wir bei Bedarf kostenlos zur Verf\u00fcgung.<\/strong><br \/><br \/><\/p>\n<p style=\"text-align: center;\"><span style=\"color: #800080;\"><strong>M\u00e4rz<\/strong><\/span><\/p>\n<h4 style=\"text-align: center;\"><strong>14. &amp; 15.<\/strong><\/h4>\n<h4 style=\"text-align: center;\"><strong>28. &amp; 29.<\/strong><\/h4>\n<p style=\"text-align: center;\"><span style=\"color: #800080;\"><strong>April<\/strong><\/span><\/p>\n<h4 style=\"text-align: center;\"><strong>07.04. \u2013 11.04. Ostercamp<\/strong><\/h4>\n<h4 style=\"text-align: center;\"><strong>18. &amp; 19.\u00a0<\/strong><\/h4>\n<p style=\"text-align: center;\"><span style=\"color: #800080;\"><strong>Mai<\/strong><\/span><\/p>\n<h4 style=\"text-align: center;\"><strong>09. &amp; 10.\u00a0<\/strong><\/h4>\n<h4 style=\"text-align: center;\"><strong>30. &amp; 31.<\/strong><\/h4>\n<p style=\"text-align: center;\"><span style=\"color: #800080;\"><strong>Juni<\/strong><\/span><\/p>\n<p style=\"text-align: center;\"><b>13. &amp; 14.<\/b><\/p>\n<p style=\"text-align: center;\"><strong>20. &amp; 21.<\/strong><\/p>\n<p style=\"text-align: center;\"><span style=\"color: #800080;\"><strong>Juli<\/strong><\/span><\/p>\n<p style=\"text-align: center;\"><strong>\u00a029.06. \u2013 03.07. Summer Camp<\/strong><\/p>\n<p style=\"text-align: center;\"><span style=\"color: #800080;\"><strong>August\u00a0<\/strong><\/span><\/p>\n<h5 style=\"text-align: center;\"><strong>22. &amp; 23.\u00a0<\/strong><\/h5>\n<p style=\"text-align: center;\"><span style=\"color: #800080;\"><strong>September<\/strong><\/span><\/p>\n<p style=\"text-align: center;\"><strong>05. &amp; 06. <\/strong><\/p>\n<p style=\"text-align: center;\"><strong>19. &amp; .20.<\/strong><\/p>\n<p style=\"text-align: center;\"><span style=\"color: #800080;\"><strong>Oktober<\/strong><\/span><\/p>\n<p style=\"text-align: center;\"><strong>13. &#8211; 17.10. Herbstcamp<\/strong><\/p>\n<p style=\"text-align: center;\"><strong>31.10. &amp; 01.11.<\/strong><\/p>\n<p style=\"text-align: center;\"><strong>\u00a0<\/strong><\/p>\n<h2>\u00a0<\/h2>\n<p style=\"text-align: center;\"><strong>\u00a0<\/strong><\/p>\n\n\n<p><\/p>\n\n","protected":false},"excerpt":{"rendered":"<p>\u00a0 Skateboard und komplette Schutzausr\u00fcstung (Helm inklusive) stellen wir bei Bedarf kostenlos zur Verf\u00fcgung. M\u00e4rz 14. &amp; 15. 28. &amp; 29. April 07.04. \u2013 11.04. Ostercamp 18. &amp; 19.\u00a0 Mai 09. &amp; 10.\u00a0 30. &amp; 31. Juni 13. &amp; 14. 20. &amp; 21. Juli \u00a029.06. \u2013 03.07. Summer Camp August\u00a0 22. &amp; 23.\u00a0 September 05. [&hellip;]<\/p>\n","protected":false},"author":2,"featured_media":0,"parent":0,"menu_order":0,"comment_status":"closed","ping_status":"closed","template":"","meta":{"footnotes":""},"class_list":["post-44","page","type-page","status-publish","hentry","post"],"_links":{"self":[{"href":"https:\/\/skateboardschule-frankfurt.de\/sk8hrd\/wp-json\/wp\/v2\/pages\/44","targetHints":{"allow":["GET"]}}],"collection":[{"href":"https:\/\/skateboardschule-frankfurt.de\/sk8hrd\/wp-json\/wp\/v2\/pages"}],"about":[{"href":"https:\/\/skateboardschule-frankfurt.de\/sk8hrd\/wp-json\/wp\/v2\/types\/page"}],"author":[{"embeddable":true,"href":"https:\/\/skateboardschule-frankfurt.de\/sk8hrd\/wp-json\/wp\/v2\/users\/2"}],"replies":[{"embeddable":true,"href":"https:\/\/skateboardschule-frankfurt.de\/sk8hrd\/wp-json\/wp\/v2\/comments?post=44"}],"version-history":[{"count":76,"href":"https:\/\/skateboardschule-frankfurt.de\/sk8hrd\/wp-json\/wp\/v2\/pages\/44\/revisions"}],"predecessor-version":[{"id":525,"href":"https:\/\/skateboardschule-frankfurt.de\/sk8hrd\/wp-json\/wp\/v2\/pages\/44\/revisions\/525"}],"wp:attachment":[{"href":"https:\/\/skateboardschule-frankfurt.de\/sk8hrd\/wp-json\/wp\/v2\/media?parent=44"}],"curies":[{"name":"wp","href":"https:\/\/api.w.org\/{rel}","templated":true}]}}