{"id":492,"date":"2026-01-10T12:57:14","date_gmt":"2026-01-10T11:57:14","guid":{"rendered":"https:\/\/skateboardschule-frankfurt.de\/sk8hrd\/?page_id=492"},"modified":"2026-02-21T11:05:09","modified_gmt":"2026-02-21T10:05:09","slug":"geburtstagsfeier","status":"publish","type":"page","link":"https:\/\/skateboardschule-frankfurt.de\/sk8hrd\/geburtstagsfeier\/","title":{"rendered":"Sk8\ud83e\udd0dhrd Geburtstagsfeier"},"content":{"rendered":"<p data-start=\"144\" data-end=\"172\"><strong data-start=\"144\" data-end=\"172\">Sk8 hrd Geburtstagsfeier\u00a0\u00a0<\/strong><\/p>\n<p data-start=\"174\" data-end=\"438\">Geburtstag auf vier Rollen. Zwei Stunden Skatezeit mit bis zu zehn Kindern. Boards, Helme und Sch\u00fctzer sind dabei. Wir zeigen, wie man sicher rollt, Kurven nimmt, bremst. Wer will, geht einen Schritt weiter. Kleine Rampen, erste Obstacles. Alles darf, nichts muss.<\/p>\n<p data-start=\"440\" data-end=\"680\">Alle k\u00f6nnen mitmachen. Anf\u00e4nger:innen genauso wie Kids, die schon fahren k\u00f6nnen. Auch Freund:innen, Geschwister oder Verwandte d\u00fcrfen Teil der Session sein, wenn sie mitrollen wollen. Es geht nicht um K\u00f6nnen, sondern ums gemeinsame Erleben.<\/p>\n<p data-start=\"682\" data-end=\"819\"><strong data-start=\"924\" data-end=\"966\">Preis f\u00fcr bis zu zehn Kinder: 249 Euro<\/strong><br data-start=\"966\" data-end=\"969\" \/>Jede:r weitere 25 Euro.<\/p>\n<p data-start=\"682\" data-end=\"819\">Ich bring die Boards und den Flow, du den Kuchen.<\/p>\n","protected":false},"excerpt":{"rendered":"<p>Sk8 hrd Geburtstagsfeier\u00a0\u00a0 Geburtstag auf vier Rollen. Zwei Stunden Skatezeit mit bis zu zehn Kindern. Boards, Helme und Sch\u00fctzer sind dabei. Wir zeigen, wie man sicher rollt, Kurven nimmt, bremst. Wer will, geht einen Schritt weiter. Kleine Rampen, erste Obstacles. Alles darf, nichts muss. Alle k\u00f6nnen mitmachen. Anf\u00e4nger:innen genauso wie Kids, die schon fahren k\u00f6nnen. [&hellip;]<\/p>\n","protected":false},"author":2,"featured_media":0,"parent":0,"menu_order":0,"comment_status":"closed","ping_status":"closed","template":"","meta":{"footnotes":""},"class_list":["post-492","page","type-page","status-publish","hentry","post"],"_links":{"self":[{"href":"https:\/\/skateboardschule-frankfurt.de\/sk8hrd\/wp-json\/wp\/v2\/pages\/492","targetHints":{"allow":["GET"]}}],"collection":[{"href":"https:\/\/skateboardschule-frankfurt.de\/sk8hrd\/wp-json\/wp\/v2\/pages"}],"about":[{"href":"https:\/\/skateboardschule-frankfurt.de\/sk8hrd\/wp-json\/wp\/v2\/types\/page"}],"author":[{"embeddable":true,"href":"https:\/\/skateboardschule-frankfurt.de\/sk8hrd\/wp-json\/wp\/v2\/users\/2"}],"replies":[{"embeddable":true,"href":"https:\/\/skateboardschule-frankfurt.de\/sk8hrd\/wp-json\/wp\/v2\/comments?post=492"}],"version-history":[{"count":5,"href":"https:\/\/skateboardschule-frankfurt.de\/sk8hrd\/wp-json\/wp\/v2\/pages\/492\/revisions"}],"predecessor-version":[{"id":502,"href":"https:\/\/skateboardschule-frankfurt.de\/sk8hrd\/wp-json\/wp\/v2\/pages\/492\/revisions\/502"}],"wp:attachment":[{"href":"https:\/\/skateboardschule-frankfurt.de\/sk8hrd\/wp-json\/wp\/v2\/media?parent=492"}],"curies":[{"name":"wp","href":"https:\/\/api.w.org\/{rel}","templated":true}]}}