{"id":61,"date":"2014-02-20T21:53:03","date_gmt":"2014-02-20T20:53:03","guid":{"rendered":"http:\/\/skateboardschule-frankfurt.de\/sk8hrd\/?page_id=61"},"modified":"2026-03-25T17:10:06","modified_gmt":"2026-03-25T16:10:06","slug":"kurse","status":"publish","type":"page","link":"https:\/\/skateboardschule-frankfurt.de\/sk8hrd\/kurse\/","title":{"rendered":"Skatekurse und Preise"},"content":{"rendered":"<p style=\"text-align: center;\" data-start=\"152\" data-end=\"771\"><strong>Skatekurse<\/strong><\/p>\n<p style=\"text-align: center;\" data-start=\"152\" data-end=\"771\">Skatekurse f\u00fcr Kids ab 6 Jahren, Jugendliche und Erwachsene.<br data-start=\"401\" data-end=\"404\" \/>F\u00fcr Anf\u00e4nger, Late Beginner und Fortgeschrittene.<br data-start=\"453\" data-end=\"456\" \/>Alle Kurse werden von einem professionellen Skateboarder geleitet.<br data-start=\"522\" data-end=\"525\" \/><strong>Professionelle Skateboards und Schutzausr\u00fcstung sind im Preis inbegriffen.<\/strong><\/p>\n<p style=\"text-align: center;\" data-start=\"1251\" data-end=\"1274\"><strong data-start=\"1251\" data-end=\"1274\">Preise und Angebote<\/strong><\/p>\n<p style=\"text-align: center;\" data-start=\"1276\" data-end=\"1312\"><strong data-start=\"1276\" data-end=\"1291\">Gruppenkurs<\/strong><br data-start=\"1291\" data-end=\"1294\" \/>89 Euro pro Person<\/p>\n<p style=\"text-align: center;\" data-start=\"1314\" data-end=\"1367\"><strong data-start=\"1314\" data-end=\"1329\">Freundekurs<\/strong><br data-start=\"1329\" data-end=\"1332\" \/>Wer sich gemeinsam anmeldet, spart.<\/p>\n<p style=\"text-align: center;\" data-start=\"1369\" data-end=\"1390\">3 Personen<br data-start=\"1379\" data-end=\"1382\" \/>239 Euro<\/p>\n<p style=\"text-align: center;\" data-start=\"1392\" data-end=\"1413\">4 Personen<br data-start=\"1402\" data-end=\"1405\" \/>299 Euro<\/p>\n<p style=\"text-align: center;\" data-start=\"1415\" data-end=\"1436\">6 Personen<br data-start=\"1425\" data-end=\"1428\" \/>429 Euro<\/p>\n<p style=\"text-align: center;\" data-start=\"1438\" data-end=\"1459\">8 Personen<br data-start=\"1448\" data-end=\"1451\" \/>529 Euro<\/p>\n<p style=\"text-align: center;\" data-start=\"1461\" data-end=\"1530\">Der Freundekurs gilt f\u00fcr Freunde, Geschwister oder gemischte Gruppen.<\/p>\n<p style=\"text-align: center;\" data-start=\"1532\" data-end=\"1755\"><strong data-start=\"1532\" data-end=\"1546\">Privatkurs<\/strong><br data-start=\"1546\" data-end=\"1549\" \/>Nur f\u00fcr euch. Ideal f\u00fcr Familien, Freunde, Erwachsene oder Eltern mit Kind. Die Kurse finden an ausgew\u00e4hlten Nachmittagen nach Verf\u00fcgbarkeit statt und werden individuell auf das jeweilige K\u00f6nnen abgestimmt.<\/p>\n<p style=\"text-align: center;\" data-start=\"1757\" data-end=\"1778\">2 Personen<br data-start=\"1767\" data-end=\"1770\" \/>349 Euro<\/p>\n<p style=\"text-align: center;\" data-start=\"1780\" data-end=\"1801\">3 Personen<br data-start=\"1790\" data-end=\"1793\" \/>429 Euro<\/p>\n<p style=\"text-align: center;\" data-start=\"1803\" data-end=\"1824\">4 Personen<br data-start=\"1813\" data-end=\"1816\" \/>499 Euro<\/p>\n<p style=\"text-align: center;\" data-start=\"1826\" data-end=\"1933\"><strong data-start=\"1826\" data-end=\"1846\">Geburtstagsfeier<\/strong><br data-start=\"1846\" data-end=\"1849\" \/>Eure eigene Skate Geburtstagsfeier mit Boards, Schonern und viel Zeit auf dem Board.<\/p>\n<p style=\"text-align: center;\" data-start=\"1935\" data-end=\"1961\">299 Euro<br data-start=\"1943\" data-end=\"1946\" \/>bis 10 Personen<\/p>\n<p style=\"text-align: center;\" data-start=\"1963\" data-end=\"2071\"><strong>F\u00fcr wen die Kurse sind<\/strong><\/p>\n<p data-start=\"152\" data-end=\"771\">Skateboard Gruppenkurse f\u00fcr Kids ab 6 Jahren, Jugendliche und Erwachsene. Dieser Kurs richtet sich sowohl an komplette Anf\u00e4nger als auch an alle, die schon etwas oder schon ganz gut fahren k\u00f6nnen. Die Teilnehmer werden mit viel Knowhow und Erfahrung geschult und bekommen die Grundlagen des Skatens vermittelt oder lernen, den Skatepark f\u00fcr sich zu erobern. Fortgeschrittene oder K\u00f6nner machen die ersten Schritte nicht mit, sondern bekommen von Anfang an Tricks und Moves beigebracht, die ihrem individuellen K\u00f6nnen entsprechen. In den regul\u00e4ren Gruppenkursen sind auch immer wieder Erwachsene und Late Beginner dabei.<\/p>\n<p data-start=\"152\" data-end=\"771\">Alle Kurse werden von einem professionellen Skateboarder geleitet. Die Skateboardschule gibt es seit 2013 und damit inzwischen im 14. Jahr. Dazu kommt viel Erfahrung aus der p\u00e4dagogischen Arbeit an einem Gymnasium. So treffen im Unterricht Praxis, professionelles Knowhow, Einf\u00fchlungsverm\u00f6gen und ein klarer Blick f\u00fcr unterschiedliche Lernst\u00e4nde zusammen.<\/p>\n<p data-start=\"1130\" data-end=\"1296\">Die Sicherheit aller Teilnehmer liegt mir am Herzen. Deshalb sind professionelle Skateboards, Helm sowie Knie, Ellenbogen und Handgelenksch\u00fctzer im Preis inbegriffen.<\/p>\n<p data-start=\"1130\" data-end=\"1296\">\u00a0<\/p>\n<p style=\"text-align: center;\" data-start=\"1963\" data-end=\"2071\"><strong data-start=\"1963\" data-end=\"1983\">Skateboard Camps<\/strong><\/p>\n<p data-start=\"215\" data-end=\"578\">Mehrere Tage Skateboarding, Betreuung und gemeinsame Zeit auf dem Board. Die Camps sind ideal f\u00fcr alle, die intensiver fahren, dazulernen und mehrere Tage am St\u00fcck in die Skateboard Welt eintauchen wollen. Neben dem Skaten geh\u00f6ren auch Mittagessen und Getr\u00e4nke mit dazu. So entsteht nicht nur mehr Fahrzeit, sondern auch ein richtig gutes gemeinsames Camp Gef\u00fchl.<\/p>\n<p style=\"text-align: center;\" data-start=\"580\" data-end=\"598\"><strong data-start=\"580\" data-end=\"598\">Preis 399 Euro<\/strong><\/p>\n<p data-start=\"580\" data-end=\"598\">\u00a0<\/p>\n<p style=\"text-align: center;\" data-start=\"1963\" data-end=\"2071\">\u00a0<\/p>\n\n\n<p><\/p>\n\n","protected":false},"excerpt":{"rendered":"<p>Skatekurse Skatekurse f\u00fcr Kids ab 6 Jahren, Jugendliche und Erwachsene.F\u00fcr Anf\u00e4nger, Late Beginner und Fortgeschrittene.Alle Kurse werden von einem professionellen Skateboarder geleitet.Professionelle Skateboards und Schutzausr\u00fcstung sind im Preis inbegriffen. Preise und Angebote Gruppenkurs89 Euro pro Person FreundekursWer sich gemeinsam anmeldet, spart. 3 Personen239 Euro 4 Personen299 Euro 6 Personen429 Euro 8 Personen529 Euro Der Freundekurs [&hellip;]<\/p>\n","protected":false},"author":2,"featured_media":0,"parent":0,"menu_order":0,"comment_status":"closed","ping_status":"closed","template":"","meta":{"footnotes":""},"class_list":["post-61","page","type-page","status-publish","hentry","post"],"_links":{"self":[{"href":"https:\/\/skateboardschule-frankfurt.de\/sk8hrd\/wp-json\/wp\/v2\/pages\/61","targetHints":{"allow":["GET"]}}],"collection":[{"href":"https:\/\/skateboardschule-frankfurt.de\/sk8hrd\/wp-json\/wp\/v2\/pages"}],"about":[{"href":"https:\/\/skateboardschule-frankfurt.de\/sk8hrd\/wp-json\/wp\/v2\/types\/page"}],"author":[{"embeddable":true,"href":"https:\/\/skateboardschule-frankfurt.de\/sk8hrd\/wp-json\/wp\/v2\/users\/2"}],"replies":[{"embeddable":true,"href":"https:\/\/skateboardschule-frankfurt.de\/sk8hrd\/wp-json\/wp\/v2\/comments?post=61"}],"version-history":[{"count":26,"href":"https:\/\/skateboardschule-frankfurt.de\/sk8hrd\/wp-json\/wp\/v2\/pages\/61\/revisions"}],"predecessor-version":[{"id":514,"href":"https:\/\/skateboardschule-frankfurt.de\/sk8hrd\/wp-json\/wp\/v2\/pages\/61\/revisions\/514"}],"wp:attachment":[{"href":"https:\/\/skateboardschule-frankfurt.de\/sk8hrd\/wp-json\/wp\/v2\/media?parent=61"}],"curies":[{"name":"wp","href":"https:\/\/api.w.org\/{rel}","templated":true}]}}